{"id":56,"date":"2023-08-12T09:58:31","date_gmt":"2023-08-12T07:58:31","guid":{"rendered":"http:\/\/dlanauki.edu.pl\/?page_id=56"},"modified":"2023-09-05T16:19:56","modified_gmt":"2023-09-05T14:19:56","slug":"o-nas","status":"publish","type":"page","link":"https:\/\/dlanauki.edu.pl\/?page_id=56","title":{"rendered":"O nas"},"content":{"rendered":"\t\t<div data-elementor-type=\"wp-page\" data-elementor-id=\"56\" class=\"elementor elementor-56\">\n\t\t\t\t\t\t<section class=\"elementor-section elementor-top-section elementor-element elementor-element-1e9b5bd elementor-section-boxed elementor-section-height-default elementor-section-height-default\" data-id=\"1e9b5bd\" data-element_type=\"section\">\n\t\t\t\t\t\t<div class=\"elementor-container elementor-column-gap-default\">\n\t\t\t\t\t<div class=\"elementor-column elementor-col-100 elementor-top-column elementor-element elementor-element-f365fb6\" data-id=\"f365fb6\" data-element_type=\"column\">\n\t\t\t<div class=\"elementor-widget-wrap elementor-element-populated\">\n\t\t\t\t\t\t<div class=\"elementor-element elementor-element-2111968 elementor-widget elementor-widget-heading\" data-id=\"2111968\" data-element_type=\"widget\" data-widget_type=\"heading.default\">\n\t\t\t\t<div class=\"elementor-widget-container\">\n\t\t\t<h2 class=\"elementor-heading-title elementor-size-default\">Nasza misja <\/h2>\t\t<\/div>\n\t\t\t\t<\/div>\n\t\t\t\t\t<\/div>\n\t\t<\/div>\n\t\t\t\t\t<\/div>\n\t\t<\/section>\n\t\t\t\t<section class=\"elementor-section elementor-top-section elementor-element elementor-element-95690fc elementor-section-boxed elementor-section-height-default elementor-section-height-default\" data-id=\"95690fc\" data-element_type=\"section\">\n\t\t\t\t\t\t<div class=\"elementor-container elementor-column-gap-default\">\n\t\t\t\t\t<div class=\"elementor-column elementor-col-100 elementor-top-column elementor-element elementor-element-2c86f1d\" data-id=\"2c86f1d\" data-element_type=\"column\">\n\t\t\t<div class=\"elementor-widget-wrap elementor-element-populated\">\n\t\t\t\t\t\t<div class=\"elementor-element elementor-element-1fb934d elementor-widget elementor-widget-text-editor\" data-id=\"1fb934d\" data-element_type=\"widget\" data-widget_type=\"text-editor.default\">\n\t\t\t\t<div class=\"elementor-widget-container\">\n\t\t\t\t\t\t\t<p>Podstawowym za\u0142o\u017ceniem Fundacji jest dzia\u0142anie w ramach trzech obszar\u00f3w tj. prawa, innowacji i nauki. Cz\u0142onkowie fundacji poprzez swoje zaanga\u017cowanie w obszarze nauki i szkolnictwa wy\u017cszego maj\u0105 na celu wspiera\u0107 system edukacji i promowa\u0107 postawy, istotne z perspektywy szeroko rozumianego spo\u0142ecze\u0144stwa. Realizowane przez Fundacj\u0119 inicjatywy wspieraj\u0105 r\u00f3\u017cne grupy docelowe takie jak student\u00f3w, doktorant\u00f3w, pracownik\u00f3w naukowych i dydaktycznych. Dbaj\u0105c o rozw\u00f3j sektora szkolnictwa wy\u017cszego prowadzimy dzia\u0142ania eksperckie i konsultacje, promocj\u0119 wydarze\u0144 naukowych oraz postaw prostudenckich, pronaukowych i prospo\u0142ecznych. Wierzymy, \u017ce razem mo\u017cemy wi\u0119cej, dlatego zach\u0119camy Pa\u0144stwa do kontaktu i nawi\u0105zywania wsp\u00f3\u0142pracy z nasz\u0105 organizacj\u0105 pozarz\u0105dow\u0105.\u00a0<\/p><p>\u00a0<\/p>\t\t\t\t\t\t<\/div>\n\t\t\t\t<\/div>\n\t\t\t\t\t<\/div>\n\t\t<\/div>\n\t\t\t\t\t<\/div>\n\t\t<\/section>\n\t\t\t\t<section class=\"elementor-section elementor-top-section elementor-element elementor-element-2f4632f elementor-section-boxed elementor-section-height-default elementor-section-height-default\" data-id=\"2f4632f\" data-element_type=\"section\">\n\t\t\t\t\t\t<div class=\"elementor-container elementor-column-gap-default\">\n\t\t\t\t\t<div class=\"elementor-column elementor-col-100 elementor-top-column elementor-element elementor-element-baf8dc0\" data-id=\"baf8dc0\" data-element_type=\"column\">\n\t\t\t<div class=\"elementor-widget-wrap elementor-element-populated\">\n\t\t\t\t\t\t<div class=\"elementor-element elementor-element-4187559 elementor-widget elementor-widget-image\" data-id=\"4187559\" data-element_type=\"widget\" data-widget_type=\"image.default\">\n\t\t\t\t<div class=\"elementor-widget-container\">\n\t\t\t\t\t\t\t\t\t\t\t\t\t<img fetchpriority=\"high\" decoding=\"async\" width=\"768\" height=\"432\" src=\"https:\/\/dlanauki.edu.pl\/wp-content\/uploads\/2023\/08\/IMG_6720-768x432.png\" class=\"attachment-medium_large size-medium_large wp-image-75\" alt=\"\" srcset=\"https:\/\/dlanauki.edu.pl\/wp-content\/uploads\/2023\/08\/IMG_6720-768x432.png 768w, https:\/\/dlanauki.edu.pl\/wp-content\/uploads\/2023\/08\/IMG_6720-300x169.png 300w, https:\/\/dlanauki.edu.pl\/wp-content\/uploads\/2023\/08\/IMG_6720-1024x576.png 1024w, https:\/\/dlanauki.edu.pl\/wp-content\/uploads\/2023\/08\/IMG_6720-1536x864.png 1536w, https:\/\/dlanauki.edu.pl\/wp-content\/uploads\/2023\/08\/IMG_6720.png 1920w\" sizes=\"(max-width: 768px) 100vw, 768px\" \/>\t\t\t\t\t\t\t\t\t\t\t\t\t<\/div>\n\t\t\t\t<\/div>\n\t\t\t\t\t<\/div>\n\t\t<\/div>\n\t\t\t\t\t<\/div>\n\t\t<\/section>\n\t\t\t\t<\/div>\n\t\t","protected":false},"excerpt":{"rendered":"<p>Nasza misja Podstawowym za\u0142o\u017ceniem Fundacji jest dzia\u0142anie w ramach trzech obszar\u00f3w tj. prawa, innowacji i nauki. Cz\u0142onkowie fundacji poprzez swoje&hellip;<\/p>\n","protected":false},"author":1,"featured_media":0,"parent":0,"menu_order":0,"comment_status":"closed","ping_status":"closed","template":"","meta":{"footnotes":""},"class_list":["post-56","page","type-page","status-publish","hentry"],"_links":{"self":[{"href":"https:\/\/dlanauki.edu.pl\/index.php?rest_route=\/wp\/v2\/pages\/56","targetHints":{"allow":["GET"]}}],"collection":[{"href":"https:\/\/dlanauki.edu.pl\/index.php?rest_route=\/wp\/v2\/pages"}],"about":[{"href":"https:\/\/dlanauki.edu.pl\/index.php?rest_route=\/wp\/v2\/types\/page"}],"author":[{"embeddable":true,"href":"https:\/\/dlanauki.edu.pl\/index.php?rest_route=\/wp\/v2\/users\/1"}],"replies":[{"embeddable":true,"href":"https:\/\/dlanauki.edu.pl\/index.php?rest_route=%2Fwp%2Fv2%2Fcomments&post=56"}],"version-history":[{"count":17,"href":"https:\/\/dlanauki.edu.pl\/index.php?rest_route=\/wp\/v2\/pages\/56\/revisions"}],"predecessor-version":[{"id":261,"href":"https:\/\/dlanauki.edu.pl\/index.php?rest_route=\/wp\/v2\/pages\/56\/revisions\/261"}],"wp:attachment":[{"href":"https:\/\/dlanauki.edu.pl\/index.php?rest_route=%2Fwp%2Fv2%2Fmedia&parent=56"}],"curies":[{"name":"wp","href":"https:\/\/api.w.org\/{rel}","templated":true}]}}